{"id":1057,"date":"2023-03-06T16:14:43","date_gmt":"2023-03-06T15:14:43","guid":{"rendered":"https:\/\/futuragroup.it\/privacy-policy\/"},"modified":"2023-03-06T16:14:43","modified_gmt":"2023-03-06T15:14:43","slug":"privacy-policy","status":"publish","type":"page","link":"https:\/\/futuragroup.it\/en\/privacy-policy\/","title":{"rendered":"Privacy Policy"},"content":{"rendered":"<p>&nbsp;<\/p>\n<h2 style=\"text-align: center;\"><span style=\"color: #0084cc;\">Informativa Privacy<\/span><\/h2>\n<h3 style=\"text-align: center;\">Introduzione<\/h3>\n<p>Benvenuto sul nostro sito web www.futuragroup.it (\u201cSito\u201d). <strong>Futura Srl<\/strong> prende seriamente in considerazione i diritti dei suoi clienti in materia di protezione dei dati personali e gli obblighi cui \u00e8 tenuta per legge. Ti preghiamo di leggere attentamente la nostra Privacy Policy, che si applica, in ogni caso, in cui tu acceda al sito web e decida di navigare al suo interno e di utilizzare i suoi servizi. Ti invitiamo altres\u00ec a leggere le Condizioni Generali d\u2019Uso del Sito, perch\u00e9 contengono importanti indicazioni anche sulla privacy e sui sistemi di sicurezza adottati dal Sito. La presente Informativa sulla Privacy (\u201cInformativa\u201d) descrive le modalit\u00e0 con le quali trattiamo i dati personali dei clienti, raccolti tramite il Sito ed \u00e8 resa, ai sensi dell\u2019art. 13 del Regolamento UE 2016\/679 (Regolamento Europeo relativo alla protezione delle persone fisiche con riguardo al trattamento dei dati personali, di seguito \u201cRegolamento UE\u201d) e D. Lgs. 196\/2003 e successive modifiche ed integrazioni, a coloro che interagiscono con i servizi accessibili per via telematica nel Sito. L\u2019informativa \u00e8 resa solo per questo Sito e non anche per altri siti web eventualmente consultati dall\u2019utente tramite link, che sono al di fuori del controllo di Futura Srl.<\/p>\n<h3 style=\"text-align: center;\">I principi su cui si basa la nostra Privacy Policy<\/h3>\n<p>Il trattamento dei dati personali raccolti degli utenti verr\u00e0 effettuato da Futura Srl secondo i principi di correttezza, liceit\u00e0, minimizzazione dei dati, trasparenza, limitazione della conservazione, integrit\u00e0 e riservatezza, in conformit\u00e0 al Regolamento UE 679\/2016. In particolare, tratteremo i tuoi dati personali esclusivamente per le finalit\u00e0 e secondo le modalit\u00e0 qui illustrate. Inoltre, renderemo disponibili i dati a societ\u00e0 terze solo per fini strumentali all\u2019erogazione del servizio richiesto e nell\u2019ambito di una nomina a responsabile del trattamento, come pi\u00f9 sotto specificato. Risponderemo altres\u00ec alle richieste degli utenti che esercitano i diritti loro riconosciuti dalla normativa sulla tutela dei dati personali. Applicheremo misure idonee di sicurezza a tutela della riservatezza, dell\u2019integrit\u00e0 e della disponibilit\u00e0 dei dati conferiti.<\/p>\n<h3 style=\"text-align: center;\">Titolare del trattamento<\/h3>\n<p>Il titolare del trattamento \u00e8: Futura Srl, con sede legale in Vicolo Santa Maria alla Porta 1 \u2013 20123 Milano (Italy). PI: 10850400960, email: <a href=\"mailto:info@futuragroup.it\">info@futuragroup.it <\/a><\/p>\n<h3 style=\"text-align: center;\">Responsabile della protezione dei dati<\/h3>\n<p>Futura Srl ha nominato un Responsabile della Protezione dei dati. Il Responsabile della Protezione dei dati pu\u00f2 essere contattato per qualsiasi necessit\u00e0 mediante invio di comunicazione tramite e-mail: <a href=\"mailto:info@futuragroup.it\">info@futuragroup.it <\/a><\/p>\n<h3 style=\"text-align: center;\">Tipologia di dati personali raccolti<\/h3>\n<h3 style=\"text-align: center;\">Dati di navigazione<\/h3>\n<p>I sistemi informatici e le procedure software preposte al funzionamento di questo Sito acquisiscono, nel corso del loro normale esercizio, alcuni dati personali la cui trasmissione \u00e8 implicita nell\u2019uso dei protocolli di comunicazione di Internet. Raccogliamo ed analizziamo dati quali, ad esempio: l\u2019indirizzo di protocollo Internet (IP) utilizzato per connettere ad Internet il tuo computer; informazioni su computer e connessione quali tipo e versione di browser; e impostazioni relative al fuso orario, tipi e versioni di \u201cbrowser plug-in\u201d, sistema operativo e piattaforma; il percorso URL (Uniform Resource Locators) completo (comprensivo di data e orario); il numero dei cookie; qualsiasi numero di telefono utilizzato per contattare il nostro servizio clienti. Potremmo anche utilizzare dati del browser quali cookie, cookie Flash (noti anche come Flash Local Shared Objects), o dati di natura analoga raccolti tramite certe parti del nostro sito web per prevenire frodi e per altre finalit\u00e0. Durante alcune visite, \u00e8 possibile che utilizziamo strumenti software quali JavaScript con la finalit\u00e0 di valutare e raccogliere informazioni sulle sessioni, includendo tempi di caricamento della pagina, errori di download, durata delle visite a determinate pagine, informazioni di interazione con le pagine (quali scorrimenti, click e movimenti del cursore sulle pagine) e metodi utilizzati per uscire dalla pagina. Potremmo anche raccogliere informazioni tecniche per aiutarci a identificare il tuo dispositivo per finalit\u00e0 di prevenzione di frodi e diagnostiche.<\/p>\n<h3 style=\"text-align: center;\">Dati forniti volontariamente dall\u2019utente<\/h3>\n<p>I dati personali che ti riguardano e che ci hai fornito accedendo alle varie sezioni del Sito o scrivendoci email sono i seguenti: il tuo nome; indirizzo e numero di telefono; e-mail, indirizzi email di terzi; contenuti di recensioni e di e-mail inviate a noi;<\/p>\n<h3 style=\"text-align: center;\">Dispositivi Mobili<\/h3>\n<p>La maggior parte dei dispositivi mobili fornisce agli utenti la possibilit\u00e0 di disattivare servizi di localizzazione. Nella maggior parte dei casi questi comandi sono localizzati all\u2019interno del men\u00f9 impostazioni del dispositivo. Se hai domande su come disattivare i servizi di localizzazione del tuo dispositivo, ti raccomandiamo di contattare il tuo operatore mobile o il produttore del tuo dispositivo.<\/p>\n<h3 style=\"text-align: center;\">Fini del trattamento<\/h3>\n<p>Futura Srl tratter\u00e0 i tuoi dati personali per le seguenti finalit\u00e0: a) rispondere alle richieste di informazioni presentate tramite il Sito; b) Gestire il tuo account; c) Contattarti per far fronte alle richieste o ai reclami; d) Adempiere agli obblighi previsti dalla legge, da regolamenti o dalla normativa comunitaria; e) far valere o difendere in sede giudiziaria un diritto di Futura Sr; f) Migliorare e personalizzare il Sito Internet e i nostri servizi, mediante il tracciamento delle tue preferenze relative alle nostre pagine; g) svolgere ricerche di mercato; h) Inviare newsletter e altre comunicazioni di marketing concernenti notizie, informazioni e aggiornamenti sui nostri prodotti e servizi, offerte, promozioni ed eventi speciali e altre comunicazioni marketing che possono essere di tuo interesse (tramite SMS, e-mail o telefono).<\/p>\n<h3 style=\"text-align: center;\">Base giuridica del trattamento<\/h3>\n<p>Ogni trattamento dei dati personali del cliente avviene sulla base di un motivo legittimo per il trattamento. In merito alle finalit\u00e0 sopradescritte da a) a e), Ti informiamo che il trattamento e la comunicazione dei tuoi dati personali da parte di Futura Sr non necessita del tuo consenso, in quanto il trattamento \u00e8 necessario per l\u2019esecuzione di prestazioni da te richieste o per ottemperare ad obblighi di legge o per l\u2019eventuale difesa in giudizio o gestire eventuali reclami. Per quanto concerne invece le finalit\u00e0 sopradescritte da f) a h), \u00e8 necessario il tuo consenso espresso per dare seguito a tali finalit\u00e0 e, se deciderai di non rilasciarlo, ci\u00f2 non pregiudicher\u00e0 di poter navigare il nostro sito.<\/p>\n<h3 style=\"text-align: center;\">Obbligatoriet\u00e0 e facoltativit\u00e0 del conferimento dei dati<\/h3>\n<p>Il conferimento dei dati personali per le finalit\u00e0 sopra descritte da a) ad e) \u00e8 facoltativo, ma l\u2019eventuale rifiuto a rilasciarli rende impossibile richiedere informazioni tramite le varie sezioni del sito.<\/p>\n<h3 style=\"text-align: center;\">Modalit\u00e0 di trattamento dei dati e misure di sicurezza<\/h3>\n<p>Il trattamento dei dati sar\u00e0 principalmente effettuato con l\u2019ausilio di strumenti elettronici o comunque automatizzati (manuale, informatizzato, e telematico), secondo le modalit\u00e0 e con mezzi idonei a garantire la sicurezza e la riservatezza dei dati stessi. In particolare, saranno adottate tutte le misure tecniche, informatiche, organizzative e procedurali di sicurezza, in modo che sia garantito il livello idoneo di protezione dei dati previsto dalla legge, consentendo l\u2019accesso alle sole persone incaricate del trattamento da parte del Titolare o dai Responsabili del trattamento eventualmente nominati.<br \/>\nI dati oggetto di trattamento saranno pertinenti, completi e non eccedenti rispetto alle finalit\u00e0 per le quali sono raccolti o successivamente trattati e verranno conservati in una forma che consenta l\u2019identificazione dell\u2019Interessato.<\/p>\n<h3 style=\"text-align: center;\">Garantiamo la sicurezza dei tuoi dati personali<\/h3>\n<p>Ci impegniamo a tutelare la sicurezza dei tuoi dati personali durante il loro invio, utilizzando il software Secure Sockets Layer (SSL), che cripta le informazioni che inserisci.<br \/>\n\u00c8 importante che tu adotti idonee protezioni contro l\u2019accesso non autorizzato alla tua password ed al tuo computer. Accertati sempre di esserti disconnesso quando utilizzi un computer condiviso con altri utenti.<\/p>\n<h3 style=\"text-align: center;\">Destinatari dei dati personali<\/h3>\n<p>I dati personali dei nostri clienti sono una componente importante del nostro lavoro e non rientra tra le nostre attivit\u00e0 cederli ad altri. Pertanto, i dati personali verranno comunicati all\u2019interno di Futura Srl e potranno essere portati a conoscenza dei suoi dipendenti e\/o collaboratori e comunicati anche ai seguenti soggetti: 1) societ\u00e0 terze appartenenti allo stesso gruppo cui appartiene Futura Srl al fine di rispondere alle tue richieste presentate tramite il modulo di richiesta; 2) societ\u00e0 terze al fine di potere effettuare i servizi di assistenza tecnica richiesti; 3) tutte le Autorit\u00e0 che hanno accesso ai dati in forza di provvedimenti normativi o amministrativi; 4) soggetti che forniscono servizi per la gestione del sistema informatico e delle reti di telecomunicazioni (ivi compresa la posta elettronica). 5) Societ\u00e0 che forniscono assistenza marketing (inclusi servizi di analisi dati, di risultati di ricerche e link, di invio di e-mail e newsletter e attivit\u00e0 di profilazione). Questi soggetti hanno accesso solo ai dati personali che sono necessari per svolgere i propri servizi per Futura Srl. Ti garantiamo che gli stessi non possono utilizzare i tuoi dati personali per altri scopi e sono inoltre tenuti a trattare i dati personali in conformit\u00e0 a questa Informativa sulla privacy, e ai sensi di legge. I soggetti terzi che svolgono queste operazioni sono stati adeguatamente selezionati e risultano dotati di esperienza, capacit\u00e0 e affidabilit\u00e0 e offrono idonea garanzia del pieno rispetto delle vigenti disposizioni in materia di trattamento, ivi compreso il profilo della sicurezza dei dati. Inoltre, sono stati nominati \u201cresponsabili del trattamento\u201d e svolgono la loro attivit\u00e0 secondo le istruzioni impartite da Futura Srl e sotto il suo controllo. Periodicamente verifichiamo che i responsabili del trattamento abbiano assolto puntualmente i compiti loro affidati e che continuino a prestare idonee garanzie del pieno rispetto delle disposizioni in materia di protezione dei dati personali. La lista completa dei responsabili del trattamento nominati \u00e8 disponibile, su richiesta, presso Futura Srl, con sede legale in Vicolo Santa Maria alla Porta 1 \u2013 20123 Milano (Italy). In ogni caso i dati non saranno soggetti a diffusione.<\/p>\n<h3 style=\"text-align: center;\">Periodo di conservazione dei dati<\/h3>\n<p>Il Titolare informa che i dati personali raccolti saranno conservati per il solo tempo necessario a fornire i servizi richiesti dall\u2019utente o all\u2019adempimento del contratto di compravendita o ad adempiere agli obblighi di legge e ad esercitare propri diritti in un eventuale giudizio. Per quanto riguarda le finalit\u00e0 di marketing e di profilazione, i dati saranno conservati per un periodo di 5 anni. A tale riguardo, Futura Srl, per tutelare i tuoi dati personali raccolti, ha adottato varie cautele, specificate nel documento di Valutazione di Impatto sulla protezione dei dati di Futura Srl. Decorso tale termine di conservazione, i dati saranno distrutti o resi anonimi.<\/p>\n<h3 style=\"text-align: center;\">I tuoi diritti<\/h3>\n<p>Ai sensi degli articoli 15, 16, 17, 18, 19, 20 e 21 del Regolamento UE 2016\/679, in ogni momento puoi esercitare i diritti nei confronti del Titolare Futura Srl che indichiamo qui di seguito: <strong><em>Diritto di accesso<\/em><\/strong><br \/>\nTi forniremo tutte le informazioni relative ai tuoi dati personali in nostro possesso su tua richiesta. Diritto di rettifica e integrazione<br \/>\nRettificheremo le informazioni imprecise su di te, a seguito di tua comunicazione. Integreremo i dati incompleti da te segnalati, a condizione che tali dati siano necessari per la finalit\u00e0 del trattamento.<br \/>\n<em><strong>Diritto alla cancellazione<\/strong><\/em><br \/>\nCancelleremo le informazioni da noi detenute a seguito di tua richiesta. Tuttavia, la cancellazione non \u00e8 consentita per i dati che devono essere obbligatoriamente conservati dal Titolare per legge o per adempiere al contratto sottoscritto con te.<br \/>\n<em><strong>Diritto alla limitazione del trattamento<\/strong><\/em><br \/>\nIn determinati casi previsti dalla legge, noi bloccheremo i tuoi dati se lo desideri.<br \/>\n<em><strong>Diritto a revocare il consenso<\/strong><\/em><br \/>\nPuoi revocare, in ogni momento, il consenso prestato al trattamento dei tuoi dati con efficacia per il futuro. La legalit\u00e0 del trattamento dei tuoi dati rimane inalterata fino al momento della revoca del consenso.<br \/>\n<em><strong>Diritto di opporsi al trattamento dei dati<\/strong><\/em><br \/>\nPuoi opporti al trattamento dei tuoi dati con efficacia per il futuro in ogni momento, qualora il nostro trattamento dei dati sia effettuato sulla base di una delle giustificazioni di legge previste dall\u2019art. 6 (1e o 1f) del Regolamento EU 2016\/679. Nel caso di tua opposizione, interromperemo il trattamento dei tuoi dati, a condizione che non ci siano motivazioni legittime cogenti per l\u2019ulteriore trattamento o esigenze di difesa o esercizio di un diritto in sede giudiziaria.<br \/>\n<em><strong>Diritto alla portabilit\u00e0 dei dati<\/strong><\/em><br \/>\nSu tua richiesta, possiamo mettere i dati personali che ti riguardano a tua disposizione in un formato strutturato, comunemente usato e leggibile da un dispositivo automatico per trasmetterli ad un altro titolare del trattamento.<br \/>\nLe tue richieste vanno rivolte, scrivendo a mezzo posta, a Futura Srl, Via G. Macaggi 25\/4 \u2013 16121 Genova, oppure inviando una e-mail all\u2019indirizzo email: info@futuragroup.it<br \/>\nResta inteso che, laddove le richieste siano presentate tramite mezzi elettronici, le informazioni saranno fornite gratuitamente e in un formato elettronico di uso comune.<\/p>\n<h3 style=\"text-align: center;\">Diritti di reclamo all\u2019autorit\u00e0 di controllo<\/h3>\n<p>Se ritieni che i trattamenti dei tuoi dati personali effettuati da Futura Srl. violino i tuoi diritti in materia di privacy, potrai presentare reclamo al Garante per la Protezione dei dati personali, seguendo le indicazioni che troverai sul sito del Garante www.garanteprivacy.it.<\/p>\n<h3 style=\"text-align: center;\">Trasferimento in paesi terzi<\/h3>\n<p>La gestione e la conservazione dei dati personali avverr\u00e0 su server del Titolare e\/o di societ\u00e0 terze debitamente nominate quali Responsabili Esterni del trattamento ubicati all\u2019interno dell\u2019Unione Europea.<br \/>\nI dati personali potranno essere trasferiti all\u2019estero, in conformit\u00e0 a quanto previsto dalla normativa vigente, anche in Paesi non appartenenti all\u2019Unione Europea. Il trasferimento in Paesi Extra UE, oltre ai casi in cui questo \u00e8 garantito da Decisioni di Adeguatezza della Commissione, \u00e8 effettuato in modo da fornire Garanzie appropriate e opportune ai sensi degli artt. 46 o 47 o 49 del Regolamento. La presente Informativa privacy \u00e8 soggetta ad aggiornamento da parte di Futura Srl. La versione pubblicata sul Sito \u00e8 quella attualmente in vigore.<\/p>\n","protected":false},"excerpt":{"rendered":"<p>&nbsp; Informativa Privacy Introduzione Benvenuto sul nostro sito web www.futuragroup.it (\u201cSito\u201d). Futura Srl prende seriamente in considerazione i diritti dei suoi clienti in materia di protezione dei dati personali e gli obblighi cui \u00e8 tenuta per legge. Ti preghiamo di leggere attentamente la nostra Privacy Policy, che si applica, in ogni caso, in cui tu [&hellip;]<\/p>\n","protected":false},"author":1,"featured_media":0,"parent":0,"menu_order":0,"comment_status":"closed","ping_status":"open","template":"template-fullwidth-no-heading.php","meta":{"footnotes":""},"class_list":["post-1057","page","type-page","status-publish","hentry"],"aioseo_notices":[],"_links":{"self":[{"href":"https:\/\/futuragroup.it\/en\/wp-json\/wp\/v2\/pages\/1057","targetHints":{"allow":["GET"]}}],"collection":[{"href":"https:\/\/futuragroup.it\/en\/wp-json\/wp\/v2\/pages"}],"about":[{"href":"https:\/\/futuragroup.it\/en\/wp-json\/wp\/v2\/types\/page"}],"author":[{"embeddable":true,"href":"https:\/\/futuragroup.it\/en\/wp-json\/wp\/v2\/users\/1"}],"replies":[{"embeddable":true,"href":"https:\/\/futuragroup.it\/en\/wp-json\/wp\/v2\/comments?post=1057"}],"version-history":[{"count":0,"href":"https:\/\/futuragroup.it\/en\/wp-json\/wp\/v2\/pages\/1057\/revisions"}],"wp:attachment":[{"href":"https:\/\/futuragroup.it\/en\/wp-json\/wp\/v2\/media?parent=1057"}],"curies":[{"name":"wp","href":"https:\/\/api.w.org\/{rel}","templated":true}]}}